{"id":19,"date":"2023-04-06T22:09:20","date_gmt":"2023-04-06T22:09:20","guid":{"rendered":"https:\/\/nakup.ch\/?page_id=19"},"modified":"2026-04-03T11:33:38","modified_gmt":"2026-04-03T11:33:38","slug":"home","status":"publish","type":"page","link":"https:\/\/nakup.ch\/?page_id=19","title":{"rendered":"\u00dcber"},"content":{"rendered":"\n<h2 class=\"wp-block-heading\">\u00dcber NAKUP<\/h2>\n\n\n\n<p>NAKUP ist eine Einzelfirma. Sie wurde im Jahr 2023 von Kilian Schlunegger gegr\u00fcndet um Projekte zum Erhalt und zur F\u00f6rderung der Biodiversit\u00e4t umzusetzen.<\/p>\n\n\n\n<div style=\"height:30px\" aria-hidden=\"true\" class=\"wp-block-spacer\"><\/div>\n\n\n\n<h2 class=\"wp-block-heading\">F\u00fcr was steht NAKUP?<\/h2>\n\n\n\n<p>NAKUP ist zusammengesetzt aus Natur, Kultur und Pflegen. Die Beziehung zwischen <strong>Natur <\/strong>und <strong>Kultur <\/strong>faszinierte mich schon lange. Handelt es sich dabei um Gegens\u00e4tze oder Symbiose? Ich denke, es kommt vorallem auf die richtige <strong>Pflege<\/strong> an.<\/p>\n\n\n\n<div style=\"height:30px\" aria-hidden=\"true\" class=\"wp-block-spacer\"><\/div>\n\n\n\n<h2 class=\"wp-block-heading\">\u00dcber mich<\/h2>\n\n\n\n<p>Aufgewachsen in den Bergen vom Berner Oberland. Begeistert von der Vielfalt welche in den Alpen und im Alpenvorland zu beobachten ist. Diese Vielfalt zu verstehen, zu erhalten und zu f\u00f6rdern treibt mich an. Gerne packe ich dazu mit beiden H\u00e4nden an.<\/p>\n\n\n\n<div class=\"wp-block-uagb-container uagb-block-83d93fa8 alignfull uagb-is-root-container\"><div class=\"uagb-container-inner-blocks-wrap\">\n<div class=\"wp-block-uagb-container uagb-block-440fe5dc\">\n<ul class=\"wp-block-list\">\n<li style=\"border-top-color:var(--wp--preset--color--ast-global-color-4);border-top-width:20px\">2025 Ausbildung: <a href=\"https:\/\/www.agrinatur.ch\/tools\/adressen\/beratung\" data-type=\"link\" data-id=\"https:\/\/www.agrinatur.ch\/tools\/adressen\/beratung\" target=\"_blank\" rel=\"noreferrer noopener\">Gesamtbetriebliche Biodiversit\u00e4tsberatung<\/a> abgeschlossen<\/li>\n\n\n\n<li>2025 Wissenschaftlicher Mitarbeiter Gew\u00e4sser- &amp; terr. \u00d6kologie bei der <a href=\"https:\/\/www.grimselstrom.ch\/nachhaltigkeit\/natur-oekologie\" data-type=\"link\" data-id=\"https:\/\/www.grimselstrom.ch\/nachhaltigkeit\/natur-oekologie\">Kraftwerk Oberhasli AG<\/a> (40%)<\/li>\n\n\n\n<li>2024 &amp; 25 Leiter Koordinationsstelle Neobiota im Amt f\u00fcr Umwelt Kanton Solothurn (Vertretung)<\/li>\n\n\n\n<li><strong>2023 Gr\u00fcndung der Einzelfirma &#8222;NAKUP Kilian Schlunegger&#8220;<\/strong><\/li>\n\n\n\n<li>2022 H\u00f6herer Sachbearbeiter Neobiota im Amt f\u00fcr Landwirtschaft und Natur des Kantons Bern (mittarbeit am Masterplan invasive gebietsfremde Arten der Wyss Academy und des Kantons Bern)<\/li>\n\n\n\n<li>2020 Mandate bei der Abteilung Naturf\u00f6rderung des Kt. Berns unter anderem Vertretung: Sachbearbeiter TWW-Vollzug<\/li>\n\n\n\n<li>2019 Praktikum im Bereich: \u00d6kologischer Ausgleich und Vertr\u00e4ge bei der Abteilung Naturf\u00f6rderung des Kantons Bern <\/li>\n\n\n\n<li style=\"padding-top:0;padding-bottom:0\">2019 BASc in Umweltingenieurwesen an der ZHAW<\/li>\n\n\n\n<li>2016 Technische Berufsmaturit\u00e4t<\/li>\n\n\n\n<li style=\"border-style:none;border-width:0px\">2014 Lehre als Elektroniker<\/li>\n<\/ul>\n<\/div>\n\n\n\n<div class=\"wp-block-uagb-container uagb-block-31fc0166\">\n<div class=\"wp-block-uagb-image uagb-block-d4a552e6 wp-block-uagb-image--layout-default wp-block-uagb-image--effect-static wp-block-uagb-image--align-none\"><figure class=\"wp-block-uagb-image__figure\"><img decoding=\"async\" srcset=\"https:\/\/nakup.ch\/wp-content\/uploads\/2025\/05\/Bilder-invasive-Pflanzen-Neophyten-102858_2-scaled.jpg ,https:\/\/nakup.ch\/wp-content\/uploads\/2025\/05\/Bilder-invasive-Pflanzen-Neophyten-102858_2-scaled.jpg 780w, https:\/\/nakup.ch\/wp-content\/uploads\/2025\/05\/Bilder-invasive-Pflanzen-Neophyten-102858_2-scaled.jpg 360w\" sizes=\"auto, (max-width: 480px) 150px\" src=\"https:\/\/nakup.ch\/wp-content\/uploads\/2025\/05\/Bilder-invasive-Pflanzen-Neophyten-102858_2-scaled.jpg\" alt=\"\" class=\"uag-image-2060\" width=\"2560\" height=\"2560\" title=\"J\u00e4ten von invasiven gebietsfremden Neophyten\" loading=\"lazy\" role=\"img\"\/><\/figure><\/div>\n\n\n\n<p class=\"has-text-align-center has-small-font-size\" style=\"line-height:1.2\"><em>Kilian beim j\u00e4ten der invasiven gebietsfremden Goldrute<\/em><\/p>\n<\/div>\n<\/div><\/div>\n\n\n\n<p><\/p>\n","protected":false},"excerpt":{"rendered":"<p>\u00dcber NAKUP NAKUP ist eine Einzelfirma. Sie wurde im Jahr 2023 von Kilian Schlunegger gegr\u00fcndet um Projekte zum Erhalt und zur F\u00f6rderung der Biodiversit\u00e4t umzusetzen. F\u00fcr was steht NAKUP? NAKUP ist zusammengesetzt aus Natur, Kultur und Pflegen. Die Beziehung zwischen Natur und Kultur faszinierte mich schon lange. Handelt es sich dabei um Gegens\u00e4tze oder Symbiose? [&hellip;]<\/p>\n","protected":false},"author":1,"featured_media":0,"parent":1894,"menu_order":1,"comment_status":"closed","ping_status":"closed","template":"","meta":{"_uag_custom_page_level_css":"","site-sidebar-layout":"default","site-content-layout":"","ast-site-content-layout":"default","site-content-style":"default","site-sidebar-style":"default","ast-global-header-display":"","ast-banner-title-visibility":"","ast-main-header-display":"","ast-hfb-above-header-display":"","ast-hfb-below-header-display":"","ast-hfb-mobile-header-display":"","site-post-title":"disabled","ast-breadcrumbs-content":"","ast-featured-img":"","footer-sml-layout":"","ast-disable-related-posts":"","theme-transparent-header-meta":"","adv-header-id-meta":"","stick-header-meta":"","header-above-stick-meta":"","header-main-stick-meta":"","header-below-stick-meta":"","astra-migrate-meta-layouts":"set","ast-page-background-enabled":"default","ast-page-background-meta":{"desktop":{"background-color":"var(--ast-global-color-4)","background-image":"","background-repeat":"repeat","background-position":"center center","background-size":"auto","background-attachment":"scroll","background-type":"","background-media":"","overlay-type":"","overlay-color":"","overlay-opacity":"","overlay-gradient":""},"tablet":{"background-color":"","background-image":"","background-repeat":"repeat","background-position":"center center","background-size":"auto","background-attachment":"scroll","background-type":"","background-media":"","overlay-type":"","overlay-color":"","overlay-opacity":"","overlay-gradient":""},"mobile":{"background-color":"","background-image":"","background-repeat":"repeat","background-position":"center center","background-size":"auto","background-attachment":"scroll","background-type":"","background-media":"","overlay-type":"","overlay-color":"","overlay-opacity":"","overlay-gradient":""}},"ast-content-background-meta":{"desktop":{"background-color":"var(--ast-global-color-5)","background-image":"","background-repeat":"repeat","background-position":"center center","background-size":"auto","background-attachment":"scroll","background-type":"","background-media":"","overlay-type":"","overlay-color":"","overlay-opacity":"","overlay-gradient":""},"tablet":{"background-color":"var(--ast-global-color-5)","background-image":"","background-repeat":"repeat","background-position":"center center","background-size":"auto","background-attachment":"scroll","background-type":"","background-media":"","overlay-type":"","overlay-color":"","overlay-opacity":"","overlay-gradient":""},"mobile":{"background-color":"var(--ast-global-color-5)","background-image":"","background-repeat":"repeat","background-position":"center center","background-size":"auto","background-attachment":"scroll","background-type":"","background-media":"","overlay-type":"","overlay-color":"","overlay-opacity":"","overlay-gradient":""}},"footnotes":""},"class_list":["post-19","page","type-page","status-publish","hentry"],"uagb_featured_image_src":{"full":false,"thumbnail":false,"medium":false,"medium_large":false,"large":false,"1536x1536":false,"2048x2048":false},"uagb_author_info":{"display_name":"Kilian Schlunegger","author_link":"https:\/\/nakup.ch\/?author=1"},"uagb_comment_info":0,"uagb_excerpt":"\u00dcber NAKUP NAKUP ist eine Einzelfirma. Sie wurde im Jahr 2023 von Kilian Schlunegger gegr\u00fcndet um Projekte zum Erhalt und zur F\u00f6rderung der Biodiversit\u00e4t umzusetzen. F\u00fcr was steht NAKUP? NAKUP ist zusammengesetzt aus Natur, Kultur und Pflegen. Die Beziehung zwischen Natur und Kultur faszinierte mich schon lange. Handelt es sich dabei um Gegens\u00e4tze oder Symbiose?&hellip;","_links":{"self":[{"href":"https:\/\/nakup.ch\/index.php?rest_route=\/wp\/v2\/pages\/19","targetHints":{"allow":["GET"]}}],"collection":[{"href":"https:\/\/nakup.ch\/index.php?rest_route=\/wp\/v2\/pages"}],"about":[{"href":"https:\/\/nakup.ch\/index.php?rest_route=\/wp\/v2\/types\/page"}],"author":[{"embeddable":true,"href":"https:\/\/nakup.ch\/index.php?rest_route=\/wp\/v2\/users\/1"}],"replies":[{"embeddable":true,"href":"https:\/\/nakup.ch\/index.php?rest_route=%2Fwp%2Fv2%2Fcomments&post=19"}],"version-history":[{"count":61,"href":"https:\/\/nakup.ch\/index.php?rest_route=\/wp\/v2\/pages\/19\/revisions"}],"predecessor-version":[{"id":2083,"href":"https:\/\/nakup.ch\/index.php?rest_route=\/wp\/v2\/pages\/19\/revisions\/2083"}],"up":[{"embeddable":true,"href":"https:\/\/nakup.ch\/index.php?rest_route=\/wp\/v2\/pages\/1894"}],"wp:attachment":[{"href":"https:\/\/nakup.ch\/index.php?rest_route=%2Fwp%2Fv2%2Fmedia&parent=19"}],"curies":[{"name":"wp","href":"https:\/\/api.w.org\/{rel}","templated":true}]}}